{"id":252,"date":"2018-03-15T12:29:58","date_gmt":"2018-03-15T12:29:58","guid":{"rendered":"https:\/\/menorcapreservationfund.org\/?page_id=252"},"modified":"2024-09-04T16:46:40","modified_gmt":"2024-09-04T14:46:40","slug":"areas-of-interest","status":"publish","type":"page","link":"https:\/\/menorcapreservation.org\/es\/areas-of-interest\/","title":{"rendered":"Pilares"},"content":{"rendered":"","protected":false},"excerpt":{"rendered":"","protected":false},"author":1,"featured_media":0,"parent":0,"menu_order":0,"comment_status":"closed","ping_status":"closed","template":"templates__pages\/_areas-of-interest.php","meta":{"_acf_changed":false,"give_campaign_id":0,"footnotes":""},"class_list":["post-252","page","type-page","status-publish","hentry"],"acf":[],"yoast_head":"<!-- This site is optimized with the Yoast SEO plugin v27.2 - https:\/\/yoast.com\/product\/yoast-seo-wordpress\/ -->\n<title>Menorca Preservation | Pillars<\/title>\n<meta name=\"description\" content=\"Projects will need to focus on one or more of our five areas of interest and can range from beach cleaning exercises to supporting local farmers with local food production, or even working with marine research organisations to improve the marine conservation efforts on Menorca.\" \/>\n<meta name=\"robots\" content=\"index, follow, max-snippet:-1, max-image-preview:large, max-video-preview:-1\" \/>\n<link rel=\"canonical\" href=\"https:\/\/menorcapreservation.org\/es\/areas-of-interest\/\" \/>\n<meta property=\"og:locale\" content=\"es_ES\" \/>\n<meta property=\"og:type\" content=\"article\" \/>\n<meta property=\"og:title\" content=\"Areas of Interest\" \/>\n<meta property=\"og:description\" content=\"The MEPF supports projects mainly in the following areas\" \/>\n<meta property=\"og:url\" content=\"https:\/\/menorcapreservation.org\/es\/areas-of-interest\/\" \/>\n<meta property=\"og:site_name\" content=\"Menorca Preservation\" \/>\n<meta property=\"article:modified_time\" content=\"2024-09-04T14:46:40+00:00\" \/>\n<meta property=\"og:image\" content=\"https:\/\/menorcapreservation.org\/wp-content\/uploads\/2024\/07\/cropped-portada-home-1.png\" \/>\n\t<meta property=\"og:image:width\" content=\"512\" \/>\n\t<meta property=\"og:image:height\" content=\"512\" \/>\n\t<meta property=\"og:image:type\" content=\"image\/png\" \/>\n<meta name=\"twitter:card\" content=\"summary_large_image\" \/>\n<meta name=\"twitter:title\" content=\"Areas of Interest\" \/>\n<meta name=\"twitter:description\" content=\"The MEPF supports projects mainly in the following areas\" \/>\n<meta name=\"twitter:image\" content=\"https:\/\/menorcapreservationfund.org\/wp-content\/uploads\/2018\/06\/AreasofInterest_Twitter.jpg\" \/>\n<meta name=\"twitter:label1\" content=\"Tiempo de lectura\" \/>\n\t<meta name=\"twitter:data1\" content=\"2 minutos\" \/>\n<!-- \/ Yoast SEO plugin. -->","yoast_head_json":{"title":"Menorca Preservation | Pillars","description":"Los proyectos se definir\u00e1n dentro de nuestras cinco \u00e1reas de inter\u00e9s y podr\u00e1n ir desde limpiezas de playas, apoyo a agricultores locales a fomentar producto local o incluso trabajar con centros de investigaci\u00f3n marina para mejorar los esfuerzos de conservaci\u00f3n marina de Menorca.","robots":{"index":"index","follow":"follow","max-snippet":"max-snippet:-1","max-image-preview":"max-image-preview:large","max-video-preview":"max-video-preview:-1"},"canonical":"https:\/\/menorcapreservation.org\/es\/areas-of-interest\/","og_locale":"es_ES","og_type":"article","og_title":"Areas of Interest","og_description":"The MEPF supports projects mainly in the following areas","og_url":"https:\/\/menorcapreservation.org\/es\/areas-of-interest\/","og_site_name":"Menorca Preservation","article_modified_time":"2024-09-04T14:46:40+00:00","og_image":[{"width":512,"height":512,"url":"https:\/\/menorcapreservation.org\/wp-content\/uploads\/2024\/07\/cropped-portada-home-1.png","type":"image\/png"}],"twitter_card":"summary_large_image","twitter_title":"Areas of Interest","twitter_description":"The MEPF supports projects mainly in the following areas","twitter_image":"https:\/\/menorcapreservationfund.org\/wp-content\/uploads\/2018\/06\/AreasofInterest_Twitter.jpg","twitter_misc":{"Tiempo de lectura":"2 minutos"},"schema":{"@context":"https:\/\/schema.org","@graph":[{"@type":"WebPage","@id":"https:\/\/menorcapreservation.org\/areas-of-interest\/","url":"https:\/\/menorcapreservation.org\/areas-of-interest\/","name":"Menorca Preservation | Pillars","isPartOf":{"@id":"https:\/\/menorcapreservation.org\/#website"},"datePublished":"2018-03-15T12:29:58+00:00","dateModified":"2024-09-04T14:46:40+00:00","description":"Los proyectos se definir\u00e1n dentro de nuestras cinco \u00e1reas de inter\u00e9s y podr\u00e1n ir desde limpiezas de playas, apoyo a agricultores locales a fomentar producto local o incluso trabajar con centros de investigaci\u00f3n marina para mejorar los esfuerzos de conservaci\u00f3n marina de Menorca.","breadcrumb":{"@id":"https:\/\/menorcapreservation.org\/areas-of-interest\/#breadcrumb"},"inLanguage":"es","potentialAction":[{"@type":"ReadAction","target":["https:\/\/menorcapreservation.org\/areas-of-interest\/"]}]},{"@type":"BreadcrumbList","@id":"https:\/\/menorcapreservation.org\/areas-of-interest\/#breadcrumb","itemListElement":[{"@type":"ListItem","position":1,"name":"Home","item":"https:\/\/menorcapreservation.org\/"},{"@type":"ListItem","position":2,"name":"Pillars"}]},{"@type":"WebSite","@id":"https:\/\/menorcapreservation.org\/#website","url":"https:\/\/menorcapreservation.org\/","name":"Menorca Preservation","description":"Colaborando juntos de manera hol\u00edstica hacia un futuro m\u00e1s sostenible.","publisher":{"@id":"https:\/\/menorcapreservation.org\/#organization"},"alternateName":"MeP","potentialAction":[{"@type":"SearchAction","target":{"@type":"EntryPoint","urlTemplate":"https:\/\/menorcapreservation.org\/?s={search_term_string}"},"query-input":{"@type":"PropertyValueSpecification","valueRequired":true,"valueName":"search_term_string"}}],"inLanguage":"es"},{"@type":"Organization","@id":"https:\/\/menorcapreservation.org\/#organization","name":"Menorca Preservation","alternateName":"MeP","url":"https:\/\/menorcapreservation.org\/","logo":{"@type":"ImageObject","inLanguage":"es","@id":"https:\/\/menorcapreservation.org\/#\/schema\/logo\/image\/","url":"https:\/\/menorcapreservation.org\/wp-content\/uploads\/2024\/07\/portada-home-1.png","contentUrl":"https:\/\/menorcapreservation.org\/wp-content\/uploads\/2024\/07\/portada-home-1.png","width":600,"height":300,"caption":"Menorca Preservation"},"image":{"@id":"https:\/\/menorcapreservation.org\/#\/schema\/logo\/image\/"}}]}},"campaignId":"","_links":{"self":[{"href":"https:\/\/menorcapreservation.org\/es\/wp-json\/wp\/v2\/pages\/252","targetHints":{"allow":["GET"]}}],"collection":[{"href":"https:\/\/menorcapreservation.org\/es\/wp-json\/wp\/v2\/pages"}],"about":[{"href":"https:\/\/menorcapreservation.org\/es\/wp-json\/wp\/v2\/types\/page"}],"author":[{"embeddable":true,"href":"https:\/\/menorcapreservation.org\/es\/wp-json\/wp\/v2\/users\/1"}],"replies":[{"embeddable":true,"href":"https:\/\/menorcapreservation.org\/es\/wp-json\/wp\/v2\/comments?post=252"}],"version-history":[{"count":28,"href":"https:\/\/menorcapreservation.org\/es\/wp-json\/wp\/v2\/pages\/252\/revisions"}],"predecessor-version":[{"id":9229,"href":"https:\/\/menorcapreservation.org\/es\/wp-json\/wp\/v2\/pages\/252\/revisions\/9229"}],"wp:attachment":[{"href":"https:\/\/menorcapreservation.org\/es\/wp-json\/wp\/v2\/media?parent=252"}],"curies":[{"name":"wp","href":"https:\/\/api.w.org\/{rel}","templated":true}]}}